{"id":1352,"date":"2021-09-09T08:37:50","date_gmt":"2021-09-09T08:37:50","guid":{"rendered":"https:\/\/env1.canadascasinos.com\/?page_id=1352"},"modified":"2023-10-22T18:07:07","modified_gmt":"2023-10-22T18:07:07","slug":"conditions-generales","status":"publish","type":"page","link":"https:\/\/canadascasinos.com\/fr\/conditions-generales\/","title":{"rendered":"Conditions g\u00e9n\u00e9rales"},"content":{"rendered":"\r\n<p>Bienvenue chez CanadasCasinos.com<\/p>\r\n\r\n\r\n\r\n<p>En continuant \u00e0 naviguer sur ce site, vous acceptez de respecter et d\u2019\u00eatre li\u00e9 par les conditions suivantes qui, avec notre politique de confidentialit\u00e9, r\u00e8glent notre relation avec vous en ce qui concerne ce site web. Si vous n\u2019\u00eates pas d\u2019accord, veuillez ne pas utiliser notre site.<\/p>\r\n\r\n\r\n\r\n<p>Les termes \u00ab CanadasCasinos.com \u00bb, \u00ab Canadas Casinos \u00bb, \u00ab nous \u00bb, concernent le propri\u00e9taire du site web. Le terme \u00ab vous \u00bb d\u00e9signe l\u2019utilisateur du site.<\/p>\r\n\r\n\r\n\r\n<p>L\u2019utilisation de ce site d\u00e9pend des conditions suivantes :<\/p>\r\n\r\n\r\n\r\n<h2 class=\"wp-block-heading\">Utilisation g\u00e9n\u00e9rale<\/h2>\r\n\r\n\r\n\r\n<ul>\r\n<li>Les pages sur ce site ne contiennent que de l\u2019information g\u00e9n\u00e9rale. Il peut \u00eatre modifi\u00e9 sans pr\u00e9avis.<\/li>\r\n<li>Ni nous-m\u00eames ni les tiers garantissons la justesse, l\u2019actualit\u00e9, la performance, l\u2019exhaustivit\u00e9 ou la pertinence des informations pr\u00e9sentes ou offertes sur ce site pour toute fin particuli\u00e8re. Vous reconnaissez que ces informations pourraient contenir des inexactitudes ou des erreurs et nous en d\u00e9clinons toute responsabilit\u00e9 dans toute mesure permise par la loi.<\/li>\r\n<li>Vous \u00eates le seul responsable de votre consommation des informations ou des mat\u00e9riaux sur ce site. Ce sera de votre responsabilit\u00e9 d\u2019assurer la conformit\u00e9 de chaque produit, service ou information disponible sur ce site \u00e0 vos besoins sp\u00e9cifiques.<\/li>\r\n<li>La mati\u00e8re de ce site nous appartient ou nous est autoris\u00e9e. Cela comprend, mais pas exclusivement, le contenu, l\u2019architecture, l\u2019apparence et le mat\u00e9riel graphique du site. Il est interdit de le reproduire sauf conform\u00e9ment aux r\u00e8gles sur les droits d\u2019auteur, qui font partie de cet ensemble de conditions.<\/li>\r\n<li>Vous \u00eates autoris\u00e9 \u00e0 acc\u00e9der au contenu, aux informations et aux services de ce site web seulement \u00e0 des fins personnelles. Cela ne vous permet pas de t\u00e9l\u00e9charger et de modifier des pages individuelles ou des parties significatives du site. Le contenu, l\u2019architecture ou le texte du site ne peut \u00eatre copi\u00e9, modifi\u00e9 ou autrement manipul\u00e9 que par autorisation \u00e9crite expresse.<\/li>\r\n<li>Vous ne cr\u00e9erez pas plus d\u2019un seul compte utilisateur \u00e0 un moment donn\u00e9. Il vous faudra cr\u00e9er un nom d\u2019utilisateur et un mot de passe; c\u2019est de votre responsabilit\u00e9 de garder secr\u00e8tes ces informations et de ne pas les partager avec toute autre personne, soci\u00e9t\u00e9 ou organisation.<\/li>\r\n<li>Toute marque d\u00e9pos\u00e9e reproduite ne nous appartenant pas ou non autoris\u00e9e est indiqu\u00e9e sur le site.<\/li>\r\n<li>Toute utilisation de ce site sans autorisation entra\u00eenera peut-\u00eatre des r\u00e9clamations de dommages-int\u00e9r\u00eats et pourrait constituer un d\u00e9lit criminel.<\/li>\r\n<li>De temps en temps, des liens vers d\u2019autres pages appara\u00eetront sur le site. Ces liens sont fournis pour votre commodit\u00e9 en offrant plus d\u2019informations. Nous ne sommes pas responsables du contenu des pages li\u00e9es.<\/li>\r\n<li>Nous ferons tout effort raisonnable pour maintenir l\u2019acc\u00e8s continu et s\u00e9curis\u00e9 \u00e0 notre site web et \u00e0 ses services. Pourtant, il peut arriver de mauvais fonctionnements de la technologie, le fonctionnement du site et des services pourraient \u00eatre interrompus sans pr\u00e9avis et nous ne disposons d\u2019aucune garantie concernant ces \u00e9ventualit\u00e9s. Nous ne serons pas non plus responsables de votre incapacit\u00e9 d\u2019acc\u00e9der au site ou de la perte, de l\u2019endommagement ou de l\u2019alt\u00e9ration des donn\u00e9es sauvegard\u00e9es sur nos serveurs, qu\u2019il s\u2019agisse de contrat, d\u00e9lit ou n\u00e9gligence<\/li>\r\n<li>Ces conditions g\u00e9n\u00e9rales param\u00e8trent l\u2019accord entier entre vous et Canada\u2019s Casinos. Nous nous r\u00e9servons le droit de modifier des conditions \u00e0 tout moment.<\/li>\r\n<li>Votre utilisation de ce site et tout diff\u00e9rend r\u00e9sultant est soumis aux lois de l\u2019Angleterre, de l\u2019Irlande du Nord, de l\u2019\u00c9cosse et du Pays de Galles.<\/li>\r\n<\/ul>\r\n\r\n\r\n\r\n<p><strong>Contact<\/strong><\/p>\r\n\r\n\r\n\r\n<p>Tout autre commentaire ou demande devrait \u00eatre fait par courriel en \u00e9crivant \u00e0 <a href=\"mailto:support@canadascasino.local\">support@canadascasino.local<\/a> ou \u00e0 travers le service de soutien du site. Veuillez noter que nous ne pouvons r\u00e9pondre aux demandes sur les produits et services promus sur notre site.<\/p>\r\n\r\n\r\n\r\n<p>CanadasCasinos.com est g\u00e9r\u00e9 par Traffic Label.<\/p>\r\n","protected":false},"excerpt":{"rendered":"<p>Bienvenue chez CanadasCasinos.com En continuant \u00e0 naviguer sur ce site, vous acceptez de respecter et d\u2019\u00eatre li\u00e9 par les conditions suivantes qui, avec notre politique de confidentialit\u00e9, r\u00e8glent notre relation avec vous en ce qui concerne ce site web. Si vous n\u2019\u00eates pas d\u2019accord, veuillez ne pas utiliser notre site. Les termes \u00ab CanadasCasinos.com \u00bb, [&hellip;]<\/p>\n","protected":false},"author":10,"featured_media":0,"parent":0,"menu_order":0,"comment_status":"closed","ping_status":"closed","template":"page-tc.php","meta":{"inline_featured_image":false,"footnotes":""},"post_mailing_queue_ids":[],"_links":{"self":[{"href":"https:\/\/canadascasinos.com\/fr\/wp-json\/wp\/v2\/pages\/1352"}],"collection":[{"href":"https:\/\/canadascasinos.com\/fr\/wp-json\/wp\/v2\/pages"}],"about":[{"href":"https:\/\/canadascasinos.com\/fr\/wp-json\/wp\/v2\/types\/page"}],"author":[{"embeddable":true,"href":"https:\/\/canadascasinos.com\/fr\/wp-json\/wp\/v2\/users\/10"}],"replies":[{"embeddable":true,"href":"https:\/\/canadascasinos.com\/fr\/wp-json\/wp\/v2\/comments?post=1352"}],"version-history":[{"count":0,"href":"https:\/\/canadascasinos.com\/fr\/wp-json\/wp\/v2\/pages\/1352\/revisions"}],"wp:attachment":[{"href":"https:\/\/canadascasinos.com\/fr\/wp-json\/wp\/v2\/media?parent=1352"}],"curies":[{"name":"wp","href":"https:\/\/api.w.org\/{rel}","templated":true}]}}