{"id":1261,"date":"2021-08-26T09:01:32","date_gmt":"2021-08-26T09:01:32","guid":{"rendered":"https:\/\/env1.canadascasinos.com\/?page_id=1261"},"modified":"2024-08-20T08:49:13","modified_gmt":"2024-08-20T08:49:13","slug":"nouveaux-casinos-virtuels","status":"publish","type":"page","link":"https:\/\/canadascasinos.com\/fr\/nouveaux-casinos-virtuels\/","title":{"rendered":"Nouveaux casinos virtuels"},"content":{"rendered":"\r\n<p>On s\u2019amuse parfois plus en essayant quelque chose de nouveau!<\/p>\r\n\r\n\r\n\r\n<p>Heureusement, le march\u00e9 des jeux en ligne continue \u00e0 cro\u00eetre : de nouveaux sites sont lanc\u00e9s chaque semaine. Retournez sur cette page pour en d\u00e9couvrir plus et pour satisfaire votre curiosit\u00e9.<\/p>\r\n\r\n\r\n\r\n<p>Vous vous demandez peut-\u00eatre pourquoi vous devriez essayer un nouveau casino plut\u00f4t qu\u2019un site connu et bien \u00e9tabli depuis quelques ann\u00e9es.<\/p>\r\n\r\n\r\n\r\n<p>Voici notre guide pour vous informer des avantages des nouveaux casinos et des choses principales \u00e0 remarquer.\u00a0<\/p>\r\n\r\n\r\n\r\n<h2 class=\"wp-block-heading\">Offres de bienvenue<\/h2>\r\n\r\n\r\n\r\n<p>Pour la plupart des personnes, l\u2019attrait principal des casinos r\u00e9cemment lanc\u00e9s r\u00e9side dans les g\u00e9n\u00e9reuses <a href=\"\/fr\/offres-de-bienvenue\/\">offres de bienvenue<\/a> faites aux nouveaux clients. Pour attirer des joueurs et \u00e9tablir un site populaire, ces casinos offriront des r\u00e9compenses lucratives aux nouveaux inscrits, y compris des bonus qui correspondent aux d\u00e9p\u00f4ts et beaucoup de tours gratuits. Quel que soit votre niveau de comp\u00e9tence, les offres sont la pour que vous puissiez en profiter. Ne risquez pas de rater l\u2019occasion d\u2019en avoir plus pour votre argent!<\/p>\r\n\r\n\r\n\r\n<h2 class=\"wp-block-heading\">Nouveau casino = nouveaux jeux<\/h2>\r\n\r\n\r\n\r\n<p>En visitant un site pour la premi\u00e8re fois, vous pourrez jeter un regard neuf sur la gamme de jeux actuellement disponibles. Les nouveaux sites vous offrent l\u2019occasion de d\u00e9couvrir de nombreux nouveaux titres auparavant inconnus car chacun promeut et positionne les jeux de fa\u00e7on diff\u00e9rente. Qui sait o\u00f9 vous gagnerez au prochain?<\/p>\r\n\r\n\r\n\r\n<h2 class=\"wp-block-heading\">Nouvelles conceptions et marquage<\/h2>\r\n\r\n\r\n\r\n<p>Soyons honn\u00eates : nous nous soucions tous de la conception graphique et de la commercialisation du site. C\u2019est pour cela que nous achetons du Coca plut\u00f4t que l\u2019alternative propos\u00e9e au supermarch\u00e9. L\u2019architecture d\u2019un site exerce une influence consid\u00e9rable sur l\u2019exp\u00e9rience utilisateur g\u00e9n\u00e9rale. En essayant un nouveau site, vous pouvez explorer un environnement compl\u00e8tement diff\u00e9rent dans lequel jouer \u00e0 vos jeux pr\u00e9f\u00e9r\u00e9s. C\u2019est un moyen s\u00fbr de garder la nouveaut\u00e9 des jeux.<\/p>\r\n\r\n\r\n\r\n<p>Mais faites attention : l\u2019interface d\u2019un jeune site ne sera peut-\u00eatre pas aussi raffin\u00e9e que sur les vieux sites plus grands qui ont eu le temps de corriger les erreurs. Heureusement, ce n\u2019est que l\u2019exp\u00e9rience utilisateur qui est affect\u00e9e par cela et non pas la jouabilit\u00e9.<\/p>\r\n\r\n\r\n\r\n<h2 class=\"wp-block-heading\">Pas de risque, pas de r\u00e9compense<\/h2>\r\n\r\n\r\n\r\n<p>Vous serez parfois d\u00e9\u00e7u par un casino qui s\u2019\u00e9loigne trop des normes famili\u00e8res, mais ne vous inqui\u00e9tez pas : rien ne vous lie \u00e0 un certain casino \u00e0 long terme. Il n\u2019y a aucune obligation d\u2019y rester fid\u00e8le! Vous pouvez changer d\u2019alliance comme vous voulez, sachant qu\u2019il existe beaucoup d\u2019autres sites \u00e0 essayer. Revenez sur cette page pour retrouver les nouvelles sorties et en choisir une.<\/p>\r\n","protected":false},"excerpt":{"rendered":"<p>On s\u2019amuse parfois plus en essayant quelque chose de nouveau! Heureusement, le march\u00e9 des jeux en ligne continue \u00e0 cro\u00eetre : de nouveaux sites sont lanc\u00e9s chaque semaine. Retournez sur cette page pour en d\u00e9couvrir plus et pour satisfaire votre curiosit\u00e9. Vous vous demandez peut-\u00eatre pourquoi vous devriez essayer un nouveau casino plut\u00f4t qu\u2019un site [&hellip;]<\/p>\n","protected":false},"author":10,"featured_media":0,"parent":0,"menu_order":0,"comment_status":"closed","ping_status":"closed","template":"page-category.php","meta":{"inline_featured_image":false,"footnotes":""},"post_mailing_queue_ids":[],"_links":{"self":[{"href":"https:\/\/canadascasinos.com\/fr\/wp-json\/wp\/v2\/pages\/1261"}],"collection":[{"href":"https:\/\/canadascasinos.com\/fr\/wp-json\/wp\/v2\/pages"}],"about":[{"href":"https:\/\/canadascasinos.com\/fr\/wp-json\/wp\/v2\/types\/page"}],"author":[{"embeddable":true,"href":"https:\/\/canadascasinos.com\/fr\/wp-json\/wp\/v2\/users\/10"}],"replies":[{"embeddable":true,"href":"https:\/\/canadascasinos.com\/fr\/wp-json\/wp\/v2\/comments?post=1261"}],"version-history":[{"count":1,"href":"https:\/\/canadascasinos.com\/fr\/wp-json\/wp\/v2\/pages\/1261\/revisions"}],"predecessor-version":[{"id":3125,"href":"https:\/\/canadascasinos.com\/fr\/wp-json\/wp\/v2\/pages\/1261\/revisions\/3125"}],"wp:attachment":[{"href":"https:\/\/canadascasinos.com\/fr\/wp-json\/wp\/v2\/media?parent=1261"}],"curies":[{"name":"wp","href":"https:\/\/api.w.org\/{rel}","templated":true}]}}