{"id":1258,"date":"2021-08-26T09:16:37","date_gmt":"2021-08-26T09:16:37","guid":{"rendered":"https:\/\/env1.canadascasinos.com\/?page_id=1258"},"modified":"2024-08-20T08:48:23","modified_gmt":"2024-08-20T08:48:23","slug":"machines-a-sous","status":"publish","type":"page","link":"https:\/\/canadascasinos.com\/fr\/machines-a-sous\/","title":{"rendered":"Machines \u00e0 sous"},"content":{"rendered":"\r\n<p>Sur la Toile, les machines \u00e0 sous fonctionnent exactement de la m\u00eame mani\u00e8re que les grandes machines de la vraie vie. La seule diff\u00e9rence est la possibilit\u00e9 d\u2019y jouer partout dans le monde avec une connexion Internet.<\/p>\r\n\r\n\r\n\r\n<h2 class=\"wp-block-heading\">Choses \u00e0 remarquer en choisissant un jeu de machine \u00e0 sous<\/h2>\r\n\r\n\r\n\r\n<p>Ce sont sans doute les sites les plus visuellement attirants qui vont vous int\u00e9resser le plus. Mais si vous souhaitez syst\u00e9matiquement comparer les statistiques, il sera peut-\u00eatre utile de faire attention \u00e0 plusieurs choses. En premier lieu, consid\u00e9rez le <a href=\"https:\/\/canadascasinos.com\/fr\/guides\/quest-ce-que-le-rtp\/\">taux de retour (RTP)<\/a>. Cela d\u00e9signe le montant pay\u00e9 au joueur. Par exemple, un RTP de 97% signifie que 97% des fonds pay\u00e9s ira aux vainqueurs, le 3% restant retournant au casino. Cela ne veut pas dire que vous allez toujours perdre 3% de votre argent ; c\u2019est juste une indication du pourcentage pay\u00e9 \u00e0 tous les joueurs depuis le lancement du site. En g\u00e9n\u00e9ral, les machines \u00e0 sous en ligne offriront un RTP de 92% \u00e0 97%, mais rappelez-vous qu&rsquo;\u00e0 chaque tour, les chances de gagner restent toujours al\u00e9atoires. Il n\u2019y a vraiment aucune fa\u00e7on de pr\u00e9dire vos chances!<\/p>\r\n\r\n\r\n\r\n<p>Peut-\u00eatre que vous privil\u00e9gierez la <strong>volatilit\u00e9<\/strong>, ce qui repr\u00e9sente le facteur de risque du jeu. Sur une machine peu volatile, vous aurez plus de chances de gagner, mais les gains ne seront peut-\u00eatre pas tr\u00e8s r\u00e9guli\u00e8rement vers\u00e9s. Il y aura moins de chances de gagner sur une machine plus volatile, mais si vous gagnez, les prix seront \u00e9normes.<\/p>\r\n\r\n\r\n\r\n<h2 class=\"wp-block-heading\">Comment jouer aux machines \u00e0 sous<\/h2>\r\n\r\n\r\n\r\n<p>D\u2019habitude, les machines \u00e0 sous ont 3 ou 5 bobines sur 5 rangs, mais certaines prennent des formes plus originales, comme une spirale autour de laquelle les symboles suivent le spin.\u00a0<\/p>\r\n\r\n\r\n\r\n<p>Tout d\u2019abord, faites vos jeux. La machine vous permettra ensuite de s\u00e9lectionner le montant du pari, par exemple 10c ou $1. En pariant plus d\u2019argent, vous en gagnerez de plus, mais cela n\u2019augmente pas vos chances d\u2019en gagner. Comme il y a plus de chances de gagner en pariant plus d\u2019argent, il est tout aussi probable d\u2019en perdre de plus, donc assurez-vous de ne pas d\u00e9passer votre budget.<\/p>\r\n\r\n\r\n\r\n<p>Ensuite, il faut appuyer sur un bouton pour commencer la rotation des bobines. Vous avez le choix de le faire manuellement, ou d\u2019employer le mode autospin pour le faire automatiquement. Ce choix n\u2019impacte pas sur vos chances de gagner ou de perdre. Bien que certains joueurs se croient capables d\u2019immobiliser les bobines apr\u00e8s avoir gagn\u00e9, le g\u00e9n\u00e9rateur de nombres al\u00e9atoires (RNG) qui fait fonctionner le jeu emp\u00eache toute possibilit\u00e9 de faire ainsi. De fa\u00e7on similaire, la vitesse des bobines n\u2019exerce aucune influence sur vos chances de gagner.<\/p>\r\n\r\n\r\n\r\n<p>Apr\u00e8s que le tour est fini, la prochaine chose \u00e0 comprendre est la ligne de paiement, c&rsquo;est-\u00e0-dire la combinaison de symboles sur les bobines. Beaucoup d\u2019entre elles vous permettent de gagner, que ce soit une ligne droite, diagonale, zigzag, ou bien d\u2019autres! Si votre tour finit par montrer une de ces combinaisons, vous avez gagn\u00e9!<\/p>\r\n\r\n\r\n\r\n<p>Vous pouvez d\u00e9couvrir en quoi consistent les lignes de paiement et comment gagner, ainsi que la valeur de chaque symbole sur les bobines, en consultant les informations du jeu.<\/p>\r\n\r\n\r\n\r\n<p>Vous trouverez des machines avec un tas de fonctions bonus comme \u00ab scatter \u00bb et \u00ab wild \u00bb. On vous expliquera le sens de ces termes pendant le jeu ; ils servent \u00e0 enrichir l\u2019action et de la rendre plus palpitante. Certaines machines vous offriront la possibilit\u00e9 de \u00ab parier \u00bb, c&rsquo;est-\u00e0-dire par exemple risquer de perdre vos gains dans un jeu de \u00ab pile ou face \u00bb.<\/p>\r\n\r\n\r\n\r\n<p>C\u2019est parti : vous \u00eates maintenant pr\u00eat \u00e0 jouer!<\/p>\r\n\r\n\r\n\r\n<h2 class=\"wp-block-heading\">Offres bonus<\/h2>\r\n\r\n\r\n\r\n<p>Lorsque vous vous inscrivez sur un casino, restez attentif aux offres de bienvenue pour les nouveaux clients. En vous servant de celles-ci, vous pourrez recevoir des <a href=\"https:\/\/canadascasinos.com\/fr\/guides\/comment-fonctionnent-les-tours-gratuits\/\">tours gratuits<\/a>, des remboursements sur votre premier d\u00e9p\u00f4t ou m\u00eame une combinaison des deux! Cela offre l\u2019occasion de gagner sans d\u00e9penser (gr\u00e2ce aux tours gratuits). Nous avons list\u00e9 l\u2019offre de bienvenue de chaque casino dans nos commentaires pour que vous puissiez facilement s\u00e9lectionner la plus attirante. Assurez-vous de contr\u00f4ler les conditions g\u00e9n\u00e9rales pour vous informer sur le d\u00e9p\u00f4t minimum ou les exigences de mise avant de commencer \u00e0 jouer!<\/p>\r\n\r\n\r\n\r\n<p>Maintenant que vous connaissez bien les machines \u00e0 sous en ligne, vous \u00eates pr\u00eat \u00e0 jouer! Voyez aussi nos recommandations des <a href=\"https:\/\/canadascasinos.com\/fr\/machines-a-sous\/\">meilleures machines \u00e0 sous sur les casinos en ligne<\/a> et amusez-vous bien, sachant que vous avez trouv\u00e9 un site fiable et r\u00e9put\u00e9.<\/p>\r\n","protected":false},"excerpt":{"rendered":"<p>Sur la Toile, les machines \u00e0 sous fonctionnent exactement de la m\u00eame mani\u00e8re que les grandes machines de la vraie vie. La seule diff\u00e9rence est la possibilit\u00e9 d\u2019y jouer partout dans le monde avec une connexion Internet. Choses \u00e0 remarquer en choisissant un jeu de machine \u00e0 sous Ce sont sans doute les sites les [&hellip;]<\/p>\n","protected":false},"author":10,"featured_media":0,"parent":0,"menu_order":0,"comment_status":"closed","ping_status":"closed","template":"page-category.php","meta":{"inline_featured_image":false,"footnotes":""},"post_mailing_queue_ids":[],"_links":{"self":[{"href":"https:\/\/canadascasinos.com\/fr\/wp-json\/wp\/v2\/pages\/1258"}],"collection":[{"href":"https:\/\/canadascasinos.com\/fr\/wp-json\/wp\/v2\/pages"}],"about":[{"href":"https:\/\/canadascasinos.com\/fr\/wp-json\/wp\/v2\/types\/page"}],"author":[{"embeddable":true,"href":"https:\/\/canadascasinos.com\/fr\/wp-json\/wp\/v2\/users\/10"}],"replies":[{"embeddable":true,"href":"https:\/\/canadascasinos.com\/fr\/wp-json\/wp\/v2\/comments?post=1258"}],"version-history":[{"count":1,"href":"https:\/\/canadascasinos.com\/fr\/wp-json\/wp\/v2\/pages\/1258\/revisions"}],"predecessor-version":[{"id":3123,"href":"https:\/\/canadascasinos.com\/fr\/wp-json\/wp\/v2\/pages\/1258\/revisions\/3123"}],"wp:attachment":[{"href":"https:\/\/canadascasinos.com\/fr\/wp-json\/wp\/v2\/media?parent=1258"}],"curies":[{"name":"wp","href":"https:\/\/api.w.org\/{rel}","templated":true}]}}