{"id":1241,"date":"2021-08-25T16:02:59","date_gmt":"2021-08-25T16:02:59","guid":{"rendered":"https:\/\/env1.canadascasinos.com\/?page_id=1241"},"modified":"2024-08-20T08:34:38","modified_gmt":"2024-08-20T08:34:38","slug":"casinos-netent","status":"publish","type":"page","link":"https:\/\/canadascasinos.com\/fr\/casinos-netent\/","title":{"rendered":"Casinos NetEnt"},"content":{"rendered":"\r\n<h2 class=\"wp-block-heading\">Bonus et tours gratuits<\/h2>\r\n\r\n\r\n\r\n<p>L\u2019un des avantages les plus attirants d\u2019un casino virtuel g\u00e9r\u00e9 par NetEnt est la large gamme de fonctionnalit\u00e9s bonus. Dans les casinos cit\u00e9s, vous d\u00e9couvrirez des offres lucratives comme des tours gratuits <a href=\"https:\/\/canadascasinos.com\/fr\/casinos-sans-depot\">sans d\u00e9p\u00f4t<\/a> et des r\u00e9compenses de fid\u00e9lit\u00e9. Plein d\u2019offres sont disponibles aux nouveaux utilisateurs et aux utilisateurs avanc\u00e9s.<\/p>\r\n\r\n\r\n\r\n<h2 class=\"wp-block-heading\">Un tas de jeux<\/h2>\r\n\r\n\r\n\r\n<p>Plus de 350 jeux NetEnt sont disponibles, donc il y a plein de choses sur lesquelles d\u00e9penser vos gains! Ces casinos offrent des jeux classiques NetEnt ainsi que les nouvelles machines \u00e0 sous riches en fonctionnalit\u00e9s impressionnantes.\u00a0<\/p>\r\n\r\n\r\n\r\n<h2 class=\"wp-block-heading\">Essayez-le gratuitement!<\/h2>\r\n\r\n\r\n\r\n<p>Si vous souhaitez faire de la pratique avant d\u2019engager de l\u2019argent, cette option est certainement possible sur les casinos NetEnt! Tous leurs jeux les plus populaires sont disponibles \u00e0 jouer gratuitement! Bien que ces <a href=\"https:\/\/canadascasinos.com\/fr\/tours-gratuits\">tours gratuits<\/a> ne vous feront rien gagner, c\u2019est une occasion d\u2019apprendre les r\u00e8gles de chaque jeu et le fonctionnement de leurs \u00e9l\u00e9ments bonus, afin de vous sentir encore plus confiant en faisant votre premier pari.<\/p>\r\n\r\n\r\n\r\n<p>Beaucoup de sites abritent les jeux gratuitement. Il ne suffit que de rechercher le titre du jeu accompagn\u00e9 par le mot \u2018gratuit\u2019 pour en retrouver beaucoup. Apr\u00e8s avoir fait de la pratique et quand vous vous sentez pr\u00eat \u00e0 jouer avec de l\u2019argent r\u00e9el, essayez l\u2019un de nos casinos virtuels list\u00e9s!<\/p>\r\n\r\n\r\n\r\n<h2 class=\"wp-block-heading\">Jeux de casino en direct<\/h2>\r\n\r\n\r\n\r\n<p>NetEnt est connu comme fournisseur de jeux de machine \u00e0 sous, mais il dispose aussi d\u2019une gamme impressionnante de jeux de casino classiques et de <a href=\"https:\/\/canadascasinos.com\/fr\/casinos-en-direct\">jeux live dealer<\/a>. La plateforme NetEnt Live sera visible dans le bandeau de chaque site. Recherchez sur les sites et vous trouverez des versions int\u00e9ressantes de jeux de casino classiques tels que la roulette, le blackjack en direct, le poker, le baccarat et encore plus.<\/p>\r\n\r\n\r\n\r\n<p>De cette mani\u00e8re, vous avez l\u2019occasion de jouer contre des personnes de chaque coin du monde avec un croupier humain en direct qui vous guidera \u00e0 travers le jeu. C\u2019est comme une petite exp\u00e9rience de Las Vegas n\u2019importe o\u00f9! Sur NetEnt Live, vous \u00eates s\u00fbr de retrouver des jeux novateurs et en direct de haute qualit\u00e9 sur une large gamme d\u2019appareils.<\/p>\r\n","protected":false},"excerpt":{"rendered":"<p>Bonus et tours gratuits L\u2019un des avantages les plus attirants d\u2019un casino virtuel g\u00e9r\u00e9 par NetEnt est la large gamme de fonctionnalit\u00e9s bonus. Dans les casinos cit\u00e9s, vous d\u00e9couvrirez des offres lucratives comme des tours gratuits sans d\u00e9p\u00f4t et des r\u00e9compenses de fid\u00e9lit\u00e9. Plein d\u2019offres sont disponibles aux nouveaux utilisateurs et aux utilisateurs avanc\u00e9s. Un [&hellip;]<\/p>\n","protected":false},"author":10,"featured_media":0,"parent":0,"menu_order":0,"comment_status":"closed","ping_status":"closed","template":"page-category.php","meta":{"inline_featured_image":false,"footnotes":""},"post_mailing_queue_ids":[],"_links":{"self":[{"href":"https:\/\/canadascasinos.com\/fr\/wp-json\/wp\/v2\/pages\/1241"}],"collection":[{"href":"https:\/\/canadascasinos.com\/fr\/wp-json\/wp\/v2\/pages"}],"about":[{"href":"https:\/\/canadascasinos.com\/fr\/wp-json\/wp\/v2\/types\/page"}],"author":[{"embeddable":true,"href":"https:\/\/canadascasinos.com\/fr\/wp-json\/wp\/v2\/users\/10"}],"replies":[{"embeddable":true,"href":"https:\/\/canadascasinos.com\/fr\/wp-json\/wp\/v2\/comments?post=1241"}],"version-history":[{"count":1,"href":"https:\/\/canadascasinos.com\/fr\/wp-json\/wp\/v2\/pages\/1241\/revisions"}],"predecessor-version":[{"id":3117,"href":"https:\/\/canadascasinos.com\/fr\/wp-json\/wp\/v2\/pages\/1241\/revisions\/3117"}],"wp:attachment":[{"href":"https:\/\/canadascasinos.com\/fr\/wp-json\/wp\/v2\/media?parent=1241"}],"curies":[{"name":"wp","href":"https:\/\/api.w.org\/{rel}","templated":true}]}}