{"id":1237,"date":"2021-08-25T16:01:25","date_gmt":"2021-08-25T16:01:25","guid":{"rendered":"https:\/\/env1.canadascasinos.com\/?page_id=1237"},"modified":"2024-08-20T08:36:06","modified_gmt":"2024-08-20T08:36:06","slug":"casinos-interac","status":"publish","type":"page","link":"https:\/\/canadascasinos.com\/fr\/casinos-interac\/","title":{"rendered":"Casinos Interac"},"content":{"rendered":"\r\n<h3 class=\"wp-block-heading\">Retraits rapides<\/h3>\r\n\r\n\r\n\r\n<p>L\u2019avantage principal d\u2019utiliser Interac r\u00e9side dans son lien avec votre compte bancaire ou compte de cr\u00e9dit canadien, alors beaucoup d\u2019entre les meilleurs casinos qui acceptent Interac comme moyen de paiement vous permettront \u00e9galement de retirer de l\u2019argent dans votre compte. Plut\u00f4t que d\u2019attendre jusqu\u2019\u00e0 sept jours ouvrables pour voir arriver vos fonds, ou de payer des frais pour les virements bancaires, vos gains iront directement dans votre compte.<\/p>\r\n\r\n\r\n\r\n<h3 class=\"wp-block-heading\">S\u00e9curit\u00e9 maximale<\/h3>\r\n\r\n\r\n\r\n<p>Comme toujours, il est primordial d\u2019assurer votre s\u00e9curit\u00e9 en jouant sur un casino en ligne. Heureusement, Interac dispose de diverses technologies de s\u00e9curit\u00e9 pour emp\u00eacher aux parieurs de r\u00e9v\u00e9ler le nombre de leur compte ou carte bancaire \u00e0 des tiers. Si vous utilisez Interac, le casino ne pourra pas acc\u00e9der aux informations de votre compte. Un haut niveau de s\u00e9curit\u00e9 est garanti pendant que vous transmettez de l\u2019argent entre vos comptes bancaires, votre compte Interac et le casino virtuel.<\/p>\r\n\r\n\r\n\r\n<h3 class=\"wp-block-heading\">Processus simple<\/h3>\r\n\r\n\r\n\r\n<p>Lors de faire un d\u00e9p\u00f4t avec Interac, vous aurez peut-\u00eatre le choix de deux options : Interac Online et Interac e-Transfer. La diff\u00e9rence est qu\u2019Interac Online vous permettra de transf\u00e9rer de l\u2019argent directement de votre compte bancaire en utilisant un _ pendant qu\u2019avec Interac e-Transfer, vous devrez vous connecter \u00e0 votre compte bancaire s\u00e9par\u00e9ment afin d\u2019effectuer la transaction par courriel. Interac Online offre un processus un peu plus rapide mais ce n\u2019est pas aussi largement accept\u00e9. N\u2019importe quelle option que vous choisissiez, le casino vous aidera \u00e0 comprendre le processus. Une fois compl\u00e9t\u00e9es, les transactions deviennent presque instantan\u00e9es.<\/p>\r\n\r\n\r\n\r\n<h3 class=\"wp-block-heading\">Attention aux heures d\u2019expiration!<\/h3>\r\n\r\n\r\n\r\n<p>A chaque fois que vous faites un paiement, le b\u00e9n\u00e9ficiaire doit l\u2019approuver. Donc, si par chance le casino ne d\u00e9duit pas de l\u2019argent de votre compte Interac mais ajoute des fonds sur votre compte de jeu, la transaction expirera apr\u00e8s 30 jours. Si un parieur n\u2019est pas conscient du fait qu\u2019il a jou\u00e9 gratuitement, il faudra peut-\u00eatre un peu de temps pour r\u00e9gler le probl\u00e8me en consultant le service client du site. Assurez-vous de contr\u00f4ler r\u00e9guli\u00e8rement votre compte pour \u00e9viter ces incidents!<\/p>\r\n","protected":false},"excerpt":{"rendered":"<p>Retraits rapides L\u2019avantage principal d\u2019utiliser Interac r\u00e9side dans son lien avec votre compte bancaire ou compte de cr\u00e9dit canadien, alors beaucoup d\u2019entre les meilleurs casinos qui acceptent Interac comme moyen de paiement vous permettront \u00e9galement de retirer de l\u2019argent dans votre compte. Plut\u00f4t que d\u2019attendre jusqu\u2019\u00e0 sept jours ouvrables pour voir arriver vos fonds, ou [&hellip;]<\/p>\n","protected":false},"author":10,"featured_media":0,"parent":0,"menu_order":0,"comment_status":"closed","ping_status":"closed","template":"page-category.php","meta":{"inline_featured_image":false,"footnotes":""},"post_mailing_queue_ids":[],"_links":{"self":[{"href":"https:\/\/canadascasinos.com\/fr\/wp-json\/wp\/v2\/pages\/1237"}],"collection":[{"href":"https:\/\/canadascasinos.com\/fr\/wp-json\/wp\/v2\/pages"}],"about":[{"href":"https:\/\/canadascasinos.com\/fr\/wp-json\/wp\/v2\/types\/page"}],"author":[{"embeddable":true,"href":"https:\/\/canadascasinos.com\/fr\/wp-json\/wp\/v2\/users\/10"}],"replies":[{"embeddable":true,"href":"https:\/\/canadascasinos.com\/fr\/wp-json\/wp\/v2\/comments?post=1237"}],"version-history":[{"count":1,"href":"https:\/\/canadascasinos.com\/fr\/wp-json\/wp\/v2\/pages\/1237\/revisions"}],"predecessor-version":[{"id":3119,"href":"https:\/\/canadascasinos.com\/fr\/wp-json\/wp\/v2\/pages\/1237\/revisions\/3119"}],"wp:attachment":[{"href":"https:\/\/canadascasinos.com\/fr\/wp-json\/wp\/v2\/media?parent=1237"}],"curies":[{"name":"wp","href":"https:\/\/api.w.org\/{rel}","templated":true}]}}