{"id":1218,"date":"2021-08-25T12:17:22","date_gmt":"2021-08-25T12:17:22","guid":{"rendered":"https:\/\/env1.canadascasinos.com\/?page_id=1218"},"modified":"2024-08-20T08:35:22","modified_gmt":"2024-08-20T08:35:22","slug":"casinos-en-direct","status":"publish","type":"page","link":"https:\/\/canadascasinos.com\/fr\/casinos-en-direct\/","title":{"rendered":"Casinos en direct"},"content":{"rendered":"\r\n<p>Le saviez-vous? Il est possible de vivre toutes les \u00e9motions d\u2019un vrai casino du confort de votre maison. Bienvenue dans le monde des casinos virtuels en direct.<\/p>\r\n\r\n\r\n\r\n<p>Dans les casinos virtuels en direct, de vrais croupiers humains g\u00e8rent des jeux en temps r\u00e9el, mais virtuellement \u00e0 travers la vid\u00e9o en ligne. Solution parfaite pour ceux qui d\u00e9sirent un peu d\u2019interaction sociale pour stimuler leur exp\u00e9rience!<\/p>\r\n\r\n\r\n\r\n<p>En jouant \u00e0 vos jeux de casino pr\u00e9f\u00e9r\u00e9s en direct, vous pouvez vivre les hauts, les bas, la tension et les \u00e9motions de l\u2019environnement casino de la vraie vie. Beaucoup de casinos en ligne proposent une large gamme de jeux classiques diffus\u00e9s en direct, tels que le blackjack, le poker et la roulette, dans lesquels vous pouvez prendre part o\u00f9 que vous vous trouviez.<\/p>\r\n\r\n\r\n\r\n<p>Nous avons cr\u00e9\u00e9 une liste des meilleurs casinos en direct disponibles au Canada. Lisez la suite pour trouver votre prochain site pr\u00e9f\u00e9r\u00e9!<\/p>\r\n\r\n\r\n\r\n<h3 class=\"wp-block-heading\">Pourquoi essayer un casino en direct?<\/h3>\r\n\r\n\r\n\r\n<p>Dans un casino virtuel normal, on joue contre une machine ou une repr\u00e9sentation graphique des jeux, et le r\u00e9sultat de chaque tour est d\u00e9termin\u00e9 par des formules et des g\u00e9n\u00e9rateurs de nombres al\u00e9atoires. Les casinos en direct fonctionnent de mani\u00e8re diff\u00e9rente car il s\u2019agit des vrais donneurs humains sur des tables r\u00e9elles qui utilisent de vrais jetons et de vraies cartes. Toute l\u2019action est visible en direct, alors vous pouvez regarder le jeu et y participer en temps r\u00e9el. Des joueurs partout dans le monde peuvent prendre part et vivre le jeu ensemble.<\/p>\r\n\r\n\r\n\r\n<p>Cela signifie que le r\u00e9sultat de chaque tour sera organiquement al\u00e9atoire comme dans un vrai casino, plut\u00f4t que d\u00e9termin\u00e9 par des machines.<\/p>\r\n\r\n\r\n\r\n<p>Cependant, ne pensez pas \u00e0 compter des cartes! La plupart des casinos battent les cartes entre les tours pour garantir des jeux \u00e9quitables.<\/p>\r\n\r\n\r\n\r\n<p>En plus de voir l\u2019action directement, vous pourrez parler avec le donneur et avec les autres joueurs. D\u2019habitude, cela se passe \u00e0 travers une fonctionnalit\u00e9 live chat, mais pour certains casinos en direct, vous aurez l\u2019occasion d\u2019utiliser votre microphone.<\/p>\r\n\r\n\r\n\r\n<p>Bien que le croupier et la table soient visibles, les joueurs ne le seront pas, donc il n\u2019y a pas besoin de mettre votre meilleur costume comme si vous alliez \u00e0 Las Vegas \u2014 sauf si vous le d\u00e9sirez! Selon certains, cela aide \u00e0 se pr\u00e9parer pour le jeu.<\/p>\r\n\r\n\r\n\r\n<p>Vous entendrez tourner la roulette et atterrir les cartes, ajoutant aux aspects authentiques et immersifs de l\u2019exp\u00e9rience. Le jeu sera film\u00e9 selon plusieurs angles pour en offrir la meilleure perspective, offrant un environnement r\u00e9aliste et passionnant.<\/p>\r\n\r\n\r\n\r\n<p>Afin d\u2019offrir la meilleure exp\u00e9rience du jeu, les fournisseurs des casinos en direct utilisent les derni\u00e8res technologies pour assurer un flux instantan\u00e9 avec du mat\u00e9riel graphique de haute qualit\u00e9 et des cartes clairement visibles, et pour minimiser le d\u00e9calage. Pour garantir que les joueurs retournent sur le site, les d\u00e9veloppeurs font de grands efforts pour faire fonctionner le site sans heurt. Personne ne veut voir coup\u00e9e la transmission en plein milieu du jeu.<\/p>\r\n\r\n\r\n\r\n<p>Plein de casinos en direct proposent maintenant des th\u00e8mes diff\u00e9rents pour les jeux, ainsi que des tables personnalisables. Vous pouvez donc adapter le jeu selon vos pr\u00e9f\u00e9rences et profiter encore davantage de l\u2019exp\u00e9rience!<\/p>\r\n\r\n\r\n\r\n<h3 class=\"wp-block-heading\">Quels jeux sont disponibles en direct?<\/h3>\r\n\r\n\r\n\r\n<p>Bien que chaque site offre des jeux diff\u00e9rents, ils proposeront typiquement tous quelques versions de la <a href=\"https:\/\/canadascasinos.com\/fr\/guides\/comment-jouer-a-la-roulette-en-ligne\">Rou<\/a><a href=\"https:\/\/canadascasinos.com\/fr\/guides\/comment-jouer-a-la-roulette-en-ligne\/\">l<\/a><a href=\"https:\/\/canadascasinos.com\/fr\/guides\/comment-jouer-a-la-roulette-en-ligne\">ette<\/a> et du <a href=\"https:\/\/canadascasinos.com\/fr\/guides\/comment-jouer-au-blackjack-en-ligne\/\">Blackjack<\/a>. Beaucoup d\u2019entre eux abriteront aussi des jeux de Baccarat et de Poker, et encore des jeux moins connus comme le Casino Hold\u2019em et le Punto Banco.<\/p>\r\n\r\n\r\n\r\n<h3 class=\"wp-block-heading\">Comment fonctionnent les casinos en direct?<\/h3>\r\n\r\n\r\n\r\n<p>Quant aux r\u00e8gles, les jeux de casino en direct fonctionnent exactement comme on pourrait s\u2019y attendre apr\u00e8s avoir jou\u00e9 dans un casino physique et sur un casino virtuel normal. La seule diff\u00e9rence est que vous jouez via Internet.<\/p>\r\n\r\n\r\n\r\n<p>Les donneurs humains offrent l\u2019occasion de plus d\u2019interaction pendant les jeux. Vous pouvez leur poser des questions, exactement comme dans un casino r\u00e9el. Les studios garantissent que les croupiers sont exp\u00e9riment\u00e9s, calmes, professionnels et extravertis, pour assurer que les joueurs se sentent s\u00fbrs et relax\u00e9s.<\/p>\r\n\r\n\r\n\r\n<p>En jouant dans un casino virtuel en direct, on s\u2019attend \u00e0 ce que les joueurs soient polis. Les comportements inappropri\u00e9s et irrespectueux entra\u00eeneront la suppression des comptes.<\/p>\r\n\r\n\r\n\r\n<p>Juste comme sur une table normale dans un casino r\u00e9el, les places sont limit\u00e9es. Si vous visitez le site pendant une p\u00e9riode charg\u00e9e, toutes les places seront peut-\u00eatre d\u00e9j\u00e0 prises. Toutefois, il y aura s\u00fbrement d\u2019autres tables \u00e0 rejoindre, et certaines d\u2019entre elles resteront ouvertes 24 heures sur 24!<\/p>\r\n\r\n\r\n\r\n<p>Pour maintenir le progr\u00e8s rapide d\u2019un jeu, vous devrez souvent faire vos jeux dans une p\u00e9riode limit\u00e9e pour ne pas devoir attendre le tour d\u2019une seule personne.<\/p>\r\n\r\n\r\n\r\n<p>Dans les casinos en direct vous pourrez aussi choisir le montant avec quoi jouer. Des tables diff\u00e9rentes imposeront des limites diff\u00e9rentes, certaines en offrant plus que d\u2019autres.<\/p>\r\n\r\n\r\n\r\n<p>Maintenant que vous connaissez bien les casinos en direct, il est l\u2019heure de commencer \u00e0 jouer!<\/p>\r\n","protected":false},"excerpt":{"rendered":"<p>Le saviez-vous? Il est possible de vivre toutes les \u00e9motions d\u2019un vrai casino du confort de votre maison. Bienvenue dans le monde des casinos virtuels en direct. Dans les casinos virtuels en direct, de vrais croupiers humains g\u00e8rent des jeux en temps r\u00e9el, mais virtuellement \u00e0 travers la vid\u00e9o en ligne. Solution parfaite pour ceux [&hellip;]<\/p>\n","protected":false},"author":10,"featured_media":0,"parent":0,"menu_order":0,"comment_status":"closed","ping_status":"closed","template":"page-category.php","meta":{"inline_featured_image":false,"footnotes":""},"post_mailing_queue_ids":[],"_links":{"self":[{"href":"https:\/\/canadascasinos.com\/fr\/wp-json\/wp\/v2\/pages\/1218"}],"collection":[{"href":"https:\/\/canadascasinos.com\/fr\/wp-json\/wp\/v2\/pages"}],"about":[{"href":"https:\/\/canadascasinos.com\/fr\/wp-json\/wp\/v2\/types\/page"}],"author":[{"embeddable":true,"href":"https:\/\/canadascasinos.com\/fr\/wp-json\/wp\/v2\/users\/10"}],"replies":[{"embeddable":true,"href":"https:\/\/canadascasinos.com\/fr\/wp-json\/wp\/v2\/comments?post=1218"}],"version-history":[{"count":1,"href":"https:\/\/canadascasinos.com\/fr\/wp-json\/wp\/v2\/pages\/1218\/revisions"}],"predecessor-version":[{"id":3120,"href":"https:\/\/canadascasinos.com\/fr\/wp-json\/wp\/v2\/pages\/1218\/revisions\/3120"}],"wp:attachment":[{"href":"https:\/\/canadascasinos.com\/fr\/wp-json\/wp\/v2\/media?parent=1218"}],"curies":[{"name":"wp","href":"https:\/\/api.w.org\/{rel}","templated":true}]}}