{"id":1212,"date":"2021-08-25T16:09:10","date_gmt":"2021-08-25T16:09:10","guid":{"rendered":"https:\/\/env1.canadascasinos.com\/?page_id=1212"},"modified":"2024-08-20T08:48:48","modified_gmt":"2024-08-20T08:48:48","slug":"meilleurs-casinos","status":"publish","type":"page","link":"https:\/\/canadascasinos.com\/fr\/meilleurs-casinos\/","title":{"rendered":"Meilleurs casinos"},"content":{"rendered":"\r\n<p>Il faut \u00e9valuer beaucoup de crit\u00e8res pour d\u00e9terminer ce qui constitue un bon casino. Pour nos examens chez Canada\u2019s Casinos, nous testons et analysons chaque site pour tout ce qui pourrait exercer une influence sur l\u2019exp\u00e9rience g\u00e9n\u00e9rale de l\u2019utilisateur, y compris la gamme de jeux, l\u2019architecture du site, sa facilit\u00e9 d\u2019utilisation et la qualit\u00e9 du service client.<\/p>\r\n\r\n\r\n\r\n<p>En plus de cela, nous tenons \u00e0 nos principes. Quant \u00e0 la s\u00e9curit\u00e9, certains sites ne m\u00e9ritent aucune consid\u00e9ration de notre part. Au minimum, un casino doit traiter l\u2019argent de fa\u00e7on honn\u00eate et fiable s\u2019il veut \u00eatre promu. De cette mani\u00e8re, nous maintenons nos normes rigoureuses. Lisez notre article sur <a href=\"\/fr\/guides\/comment-assurer-votre-securite-sur-un-casino-en-ligne\/\">comment assurer votre s\u00e9curit\u00e9 sur un casino en ligne<\/a>.<\/p>\r\n\r\n\r\n\r\n<p>Voici comment nous \u00e9valuons les facteurs principaux qui nous ont aid\u00e9 \u00e0 faire notre liste des meilleurs sites de casino.<\/p>\r\n\r\n\r\n\r\n<h3 class=\"wp-block-heading\">Gamme de jeux<\/h3>\r\n\r\n\r\n\r\n<p>Il est tr\u00e8s facile de partir du principe que les meilleurs sites ont plus de jeux. Mais nous voulons aussi que ces jeux soient de tr\u00e8s haute qualit\u00e9 ; c&rsquo;est-\u00e0-dire du mat\u00e9riel graphique moderne et des innovations technologiques impressionnantes. Les meilleurs sites poss\u00e8dent des jeux de plusieurs prestataires de bonne qualit\u00e9 et lancent continuellement de nouveaux jeux pour maintenir l\u2019int\u00e9r\u00eat des clients.<\/p>\r\n\r\n\r\n\r\n<h3 class=\"wp-block-heading\">Architecture du site et exp\u00e9rience utilisateur<\/h3>\r\n\r\n\r\n\r\n<p>Ce sont souvent le design et le marquage d\u2019un site qui exercent le plus d\u2019influence sur notre premi\u00e8re impression g\u00e9n\u00e9rale. Nous aimons une mise en page facilement navigable qui permet de retrouver tr\u00e8s rapidement tous les jeux et toutes les informations dont vous avez besoin. Il ne devrait pas \u00eatre difficile de retrouver vos jeux pr\u00e9f\u00e9r\u00e9s ou les conditions g\u00e9n\u00e9rales des offres propos\u00e9es.<\/p>\r\n\r\n\r\n\r\n<h3 class=\"wp-block-heading\">Service client<\/h3>\r\n\r\n\r\n\r\n<p>Il s\u2019agit ici de la diff\u00e9rence entre la plupart des entreprises l\u00e9gitimes et les amateurs. Nous nous assurons que le service client soit rapide et efficace avant de recommander un casino en ligne. Nous contr\u00f4lons les services de live chat pour garantir qu\u2019elles fonctionnent. En cas de besoin, nous vous fournirons des d\u00e9tails de contact, que ce soit par t\u00e9l\u00e9phone ou par courriel.<\/p>\r\n\r\n\r\n\r\n<h3 class=\"wp-block-heading\">M\u00e9thodes de paiement<\/h3>\r\n\r\n\r\n\r\n<p>C\u2019est un tr\u00e8s bon signe si un casino offre plusieurs m\u00e9thodes de paiement s\u00e9curis\u00e9es. La plupart des casinos acceptent Visa, Mastercard, Maestro, PayPal et Interac, mais plusieurs d\u2019entre eux offrent des m\u00e9thodes plus obscures telles que les diff\u00e9rentes plateformes Bitcoin. Tous nos casinos recommand\u00e9s offrent plusieurs modes de paiement, mais assurez-vous de v\u00e9rifier la disponibilit\u00e9 de votre m\u00e9thode pr\u00e9f\u00e9r\u00e9e avant de vous inscrire. Nous d\u00e9conseillons les casinos qui retiennent les gains ou qui prennent trop de temps \u00e0 payer le montant.<\/p>\r\n\r\n\r\n\r\n<h3 class=\"wp-block-heading\">Bonus et offres sp\u00e9ciales<\/h3>\r\n\r\n\r\n\r\n<p>Pour la plupart, cela constitue la motivation principale de s\u2019inscrire sur un casino en ligne. Il est facile de se laisser s\u00e9duire par les nouvelles offres de tours gratuits et d\u2019argent comptant libre ; nous prenons la peine de lire les petits caract\u00e8res pour assurer qu\u2019il s\u2019agit d\u2019une offre l\u00e9gitime et profitable. Nous vous conseillons aussi de rev\u00e9rifier les conditions g\u00e9n\u00e9rales avant de profiter d\u2019une offre afin d\u2019\u00eatre s\u00fbr des exigences de mise et des r\u00e8gles de conversion.<\/p>\r\n\r\n\r\n\r\n<h3 class=\"wp-block-heading\">Comme vous pr\u00e9f\u00e9rez!<\/h3>\r\n\r\n\r\n\r\n<p>En fin de compte, ce sont nos propres go\u00fbts et priorit\u00e9s qui d\u00e9terminent notre choix de casino pr\u00e9f\u00e9r\u00e9. Peut-\u00eatre que vous pr\u00e9f\u00e9rez un casino sp\u00e9cialis\u00e9 dans vos jeux de roulette ou de blackjack. Peut-\u00eatre que vous \u00eates attir\u00e9 par l\u2019architecture du site, ou par des th\u00e8mes sp\u00e9cifiques comme Las Vegas, les salles de jeux classiques, ou le m\u00e9di\u00e9val fantastique.<\/p>\r\n\r\n\r\n\r\n<p>La meilleure mani\u00e8re de d\u00e9couvrir vos propres go\u00fbts est d\u2019essayer quelques jeux de d\u00e9monstration des diff\u00e9rents sites avant de commencer \u00e0 parier. Ou mieux encore, si le site propose un bonus sans d\u00e9p\u00f4t, profitez de l\u2019occasion de vous familiariser avec le site avant de prendre une d\u00e9cision.<\/p>\r\n","protected":false},"excerpt":{"rendered":"<p>Il faut \u00e9valuer beaucoup de crit\u00e8res pour d\u00e9terminer ce qui constitue un bon casino. Pour nos examens chez Canada\u2019s Casinos, nous testons et analysons chaque site pour tout ce qui pourrait exercer une influence sur l\u2019exp\u00e9rience g\u00e9n\u00e9rale de l\u2019utilisateur, y compris la gamme de jeux, l\u2019architecture du site, sa facilit\u00e9 d\u2019utilisation et la qualit\u00e9 du [&hellip;]<\/p>\n","protected":false},"author":10,"featured_media":0,"parent":0,"menu_order":0,"comment_status":"closed","ping_status":"closed","template":"page-category.php","meta":{"inline_featured_image":false,"footnotes":""},"post_mailing_queue_ids":[],"_links":{"self":[{"href":"https:\/\/canadascasinos.com\/fr\/wp-json\/wp\/v2\/pages\/1212"}],"collection":[{"href":"https:\/\/canadascasinos.com\/fr\/wp-json\/wp\/v2\/pages"}],"about":[{"href":"https:\/\/canadascasinos.com\/fr\/wp-json\/wp\/v2\/types\/page"}],"author":[{"embeddable":true,"href":"https:\/\/canadascasinos.com\/fr\/wp-json\/wp\/v2\/users\/10"}],"replies":[{"embeddable":true,"href":"https:\/\/canadascasinos.com\/fr\/wp-json\/wp\/v2\/comments?post=1212"}],"version-history":[{"count":1,"href":"https:\/\/canadascasinos.com\/fr\/wp-json\/wp\/v2\/pages\/1212\/revisions"}],"predecessor-version":[{"id":3124,"href":"https:\/\/canadascasinos.com\/fr\/wp-json\/wp\/v2\/pages\/1212\/revisions\/3124"}],"wp:attachment":[{"href":"https:\/\/canadascasinos.com\/fr\/wp-json\/wp\/v2\/media?parent=1212"}],"curies":[{"name":"wp","href":"https:\/\/api.w.org\/{rel}","templated":true}]}}