{"id":1202,"date":"2021-08-25T10:09:32","date_gmt":"2021-08-25T10:09:32","guid":{"rendered":"https:\/\/env1.canadascasinos.com\/?page_id=1202"},"modified":"2024-08-20T08:50:23","modified_gmt":"2024-08-20T08:50:23","slug":"offres-de-bienvenue","status":"publish","type":"page","link":"https:\/\/canadascasinos.com\/fr\/offres-de-bienvenue\/","title":{"rendered":"Offres de bienvenue"},"content":{"rendered":"\r\n<h2 class=\"wp-block-heading\">Pourquoi profiter des offres de bienvenue<\/h2>\r\n\r\n\r\n\r\n<p>O\u00f9 qu\u2019on aille chercher, les offres de bienvenue sont promues en ligne chaque jour. C\u2019est parce que ces offres constituent d\u2019habitude la motivation principale de s\u2019inscrire sur un casino et de cr\u00e9er un compte.<\/p>\r\n\r\n\r\n\r\n<p>En g\u00e9n\u00e9ral, ces offres prennent la forme de l\u2019un de ces trois \u00e9l\u00e9ments : les tours gratuits, le cr\u00e9dit gratuit et le pourcentage de concordance sur les d\u00e9p\u00f4ts. Autrement dit, elles vous offrent des paris gratuits et donc plus de chance de gagner.<\/p>\r\n\r\n\r\n\r\n<p>Les avantages d\u2019accepter ces offres sont nombreux. Lisez la suite pour en savoir plus sur les d\u00e9tails \u00e0 noter.\u00a0<\/p>\r\n\r\n\r\n\r\n<h3 class=\"wp-block-heading\">R\u00e9compenses sans risque<\/h3>\r\n\r\n\r\n\r\n<p>Que vous vous serviez des bonus ou de votre propre argent, les jeux de casino et les machines \u00e0 sous fonctionnent exactement de la m\u00eame mani\u00e8re. Mieux encore, si vous avez la chance de gagner, vous pourrez recevoir ces gains en esp\u00e8ces. Le bonus peut servir \u00e0 vous familiariser avec le jeu ou \u00e0 vous habituer au site sans pression et sans devoir d\u00e9penser de l\u2019argent. Si vous finissez par perdre ou par ne pas appr\u00e9cier l\u2019exp\u00e9rience, vous n\u2019aurez perdu que quelques minutes de votre temps.<\/p>\r\n\r\n\r\n\r\n<h3 class=\"wp-block-heading\">Compte automatiquement cr\u00e9dit\u00e9<\/h3>\r\n\r\n\r\n\r\n<p>Il est tr\u00e8s simple de commencer \u00e0 profiter d\u2019une offre. Il ne vous suffit que de cliquer sur \u00ab S\u2019inscrire \u00bb pour cr\u00e9er votre compte, puis de suivre les instructions pour r\u00e9clamer le prix. Pour la plupart, vous devrez faire un d\u00e9p\u00f4t minimum pour en profiter, typiquement environ $20. Certains casinos vous proposeront m\u00eame une offre sans que vous deviez d\u00e9poser de l\u2019argent! Ce sont les offres sans d\u00e9p\u00f4t. C\u2019est aussi simple que cela! Ensuite, il faut juste choisir un jeu \u00e9ligible qui vous pla\u00eet.<\/p>\r\n\r\n\r\n\r\n<h3 class=\"wp-block-heading\">Exigences de mise<\/h3>\r\n\r\n\r\n\r\n<p>Comme vous le savez, les casinos n\u2019aiment pas donner de l\u2019argent et ne rien recevoir en retour. C\u2019est pour cela que les offres de bienvenue s\u2019accompagnent souvent des exigences de mise. Cela veille \u00e0 ce que le casino ne perde pas de l\u2019argent \u00e0 chaque fois. Par exemple, quand sur les conditions g\u00e9n\u00e9rales vous voyez une \u00ab exigence de mise de 20x \u00bb, cela signifie qu\u2019il faut parier vingt fois avant de retirer les gains. C\u2019est un protocole standard qui devrait figurer parmi les conditions g\u00e9n\u00e9rales du casino. Nous indiquons l\u2019exigence de mise de chaque offre dans tous nos avis, mais si vous souhaitez en savoir plus, vous pourrez retrouver davantage d\u2019informations sur la page d\u2019accueil.<\/p>\r\n\r\n\r\n\r\n<h3 class=\"wp-block-heading\">Limites de gain<\/h3>\r\n\r\n\r\n\r\n<p>En plus des exigences de mise, les casinos fixent des limites de gain pour maintenir le bord de maison. Il s\u2019agit d\u2019une limite sup\u00e9rieure sur les gains potentiels. D\u2019habitude, ceci est indiqu\u00e9 dans les conditions par une somme sp\u00e9cifique, par exemple 500 $. Outre cette limite, les versements sont nuls et retournent au site. Cependant, \u00e9tant donn\u00e9 qu\u2019il est rare de gagner de grandes sommes d\u2019argent par les bonus, ceci ne constitue pas un grand inconv\u00e9nient.<\/p>\r\n","protected":false},"excerpt":{"rendered":"<p>Pourquoi profiter des offres de bienvenue O\u00f9 qu\u2019on aille chercher, les offres de bienvenue sont promues en ligne chaque jour. C\u2019est parce que ces offres constituent d\u2019habitude la motivation principale de s\u2019inscrire sur un casino et de cr\u00e9er un compte. En g\u00e9n\u00e9ral, ces offres prennent la forme de l\u2019un de ces trois \u00e9l\u00e9ments : les [&hellip;]<\/p>\n","protected":false},"author":10,"featured_media":0,"parent":0,"menu_order":0,"comment_status":"closed","ping_status":"closed","template":"page-category.php","meta":{"inline_featured_image":false,"footnotes":""},"post_mailing_queue_ids":[],"_links":{"self":[{"href":"https:\/\/canadascasinos.com\/fr\/wp-json\/wp\/v2\/pages\/1202"}],"collection":[{"href":"https:\/\/canadascasinos.com\/fr\/wp-json\/wp\/v2\/pages"}],"about":[{"href":"https:\/\/canadascasinos.com\/fr\/wp-json\/wp\/v2\/types\/page"}],"author":[{"embeddable":true,"href":"https:\/\/canadascasinos.com\/fr\/wp-json\/wp\/v2\/users\/10"}],"replies":[{"embeddable":true,"href":"https:\/\/canadascasinos.com\/fr\/wp-json\/wp\/v2\/comments?post=1202"}],"version-history":[{"count":1,"href":"https:\/\/canadascasinos.com\/fr\/wp-json\/wp\/v2\/pages\/1202\/revisions"}],"predecessor-version":[{"id":3126,"href":"https:\/\/canadascasinos.com\/fr\/wp-json\/wp\/v2\/pages\/1202\/revisions\/3126"}],"wp:attachment":[{"href":"https:\/\/canadascasinos.com\/fr\/wp-json\/wp\/v2\/media?parent=1202"}],"curies":[{"name":"wp","href":"https:\/\/api.w.org\/{rel}","templated":true}]}}